{"id":2953,"date":"2018-05-23T13:53:22","date_gmt":"2018-05-23T13:53:22","guid":{"rendered":"http:\/\/escolartes.com\/wp\/?page_id=2953"},"modified":"2018-05-28T10:01:35","modified_gmt":"2018-05-28T10:01:35","slug":"politica-de-privacidade","status":"publish","type":"page","link":"https:\/\/escolartes.com\/wp\/politica-de-privacidade\/","title":{"rendered":"Pol\u00edtica de Privacidade"},"content":{"rendered":"<h2>Pol\u00edtica de Privacidade<\/h2>\n<p>O Conservat\u00f3rio de M\u00fasica da Bairrada est\u00e1 comprometido em\u00a0 salvaguardar a sua privacidade. Contacte-nos se tiver alguma quest\u00e3o ou algum problema a respeito do uso dos seus dados pessoais, que iremos de bom grado atend\u00ea-lo.<\/p>\n<p>Ao utilizar este site e\/ou nossos servi\u00e7os, concorda com o processamento dos seus dados pessoais, conforme descrito nesta Pol\u00edtica de Privacidade.<\/p>\n<h3>Conte\u00fados<\/h3>\n<ol>\n<li><a href=\"#gdpr-definitions\">Defini\u00e7\u00f5es da pol\u00edtica de privacidade<\/a><\/li>\n<li><a href=\"#gdpr-principles\">Princ\u00edpios de prote\u00e7\u00e3o de dados que seguimo<\/a><\/li>\n<li><a href=\"#gdpr-rights\">Direitos que tem em rela\u00e7\u00e3o aos seus dados pessoais<\/a><\/li>\n<li><a href=\"#gdpr-information\">Qual a informa\u00e7\u00e3o pessoal que recolhemos sobre si<\/a><\/li>\n<li><a href=\"#gdpr-processing\">De que forma\/como utilizamos os seus dados pessoais<\/a><\/li>\n<li><a href=\"#gdpr-sharing\">Quem mais tem acesso aos seus dados pessoais<\/a><\/li>\n<li><a href=\"#gdpr-security\">Como protegemos os seus dados<\/a><\/li>\n<li><a href=\"#gdpr-cookies\">Informa\u00e7\u00f5es sobre cookies<\/a><\/li>\n<li><a href=\"#gdpr-contact\">Informa\u00e7\u00f5es de contacto<\/a><\/li>\n<\/ol>\n<h3 id=\"gdpr-definitions\">Defini\u00e7\u00f5es<\/h3>\n<p><strong>Dados Pessoais<\/strong> &#8211; qualquer informa\u00e7\u00e3o relativa a uma pessoa singular identificada ou identific\u00e1vel.<\/p>\n<p><strong>Processamento<\/strong> &#8211; qualquer opera\u00e7\u00e3o ou conjunto de opera\u00e7\u00f5es que s\u00e3o realizadas em Dados Pessoais ou em conjuntos de Dados Pessoais.<\/p>\n<p><strong>Titular dos dados<\/strong> &#8211; uma pessoa natural cujos dados pessoais est\u00e3o a ser processados.<\/p>\n<p><strong>Crian\u00e7a<\/strong> &#8211; uma pessoa singular com menos de 18 anos de idade.<\/p>\n<p><strong>N\u00f3s\/n\u00f3s<\/strong> (em mai\u00fasculas ou n\u00e3o) \u2013 Conservat\u00f3rio de M\u00fasica da Bairrada<\/p>\n<h3 id=\"gdpr-principles\">Princ\u00edpios de prote\u00e7\u00e3o de dados<\/h3>\n<p>N\u00f3s prometemos seguir os seguintes princ\u00edpios de prote\u00e7\u00e3o de dados:<\/p>\n<ul>\n<li>O processamento \u00e9 legal, justo e transparente. As nossas atividades de processamento t\u00eam motivos legais. N\u00f3s vamos sempre considerar os seus direitos antes de processar dados pessoais. Forneceremos informa\u00e7\u00f5es sobre o processamento mediante solicita\u00e7\u00e3o.<\/li>\n<li>O processamento \u00e9 limitado ao prop\u00f3sito. As nossas atividades de Processamento ajustam-se ao prop\u00f3sito para o qual os Dados Pessoais foram recolhidos.<\/li>\n<li>O processamento \u00e9 feito com dados m\u00ednimos. Apenas recolhemos e processamos a quantidade m\u00ednima de dados pessoais necess\u00e1rios para qualquer finalidade.<\/li>\n<li>O processamento \u00e9 limitado por um per\u00edodo de tempo. N\u00e3o armazenaremos os seus dados pessoais por mais tempo do que o necess\u00e1rio.<\/li>\n<li>Faremos o nosso melhor para garantir a precis\u00e3o dos dados.<\/li>\n<li>Faremos o nosso melhor para garantir a integridade e a confidencialidade dos dados.<\/li>\n<\/ul>\n<h3 id=\"gdpr-rights\">Direitos dos titulares de dados<\/h3>\n<p>Os titulares dos dados t\u00eam os seguintes direitos:<\/p>\n<ol>\n<li>Direito \u00e0 informa\u00e7\u00e3o &#8211; direito de saber se os seus Dados Pessoais est\u00e3o a ser processados; quais dados s\u00e3o recolhidos, de onde s\u00e3o obtidos e por que e por quem s\u00e3o processados.<\/li>\n<li>Direito de acesso &#8211; direito de ter acesso aos dados recolhidos de\/sobre si pr\u00f3prio. Isto inclui o direito de solicitar e obter uma c\u00f3pia dos seus dados pessoais que foram recolhidos.<\/li>\n<li>Direito de retifica\u00e7\u00e3o &#8211; direito de solicitar a retifica\u00e7\u00e3o ou a remo\u00e7\u00e3o dos seus Dados Pessoais que sejam imprecisos ou incompletos.<\/li>\n<li>Direito de apagar &#8211; em certas circunst\u00e2ncias, pode solicitar que os seus dados pessoais sejam apagados dos nossos registos.<\/li>\n<li>Direito de restringir o processamento &#8211; quando certas condi\u00e7\u00f5es se aplicam, tem o direito de restringir o processamento dos seus dados pessoais.<\/li>\n<li>Direito de se opor ao processamento &#8211; em certos casos, tem o direito de se opor ao processamento de seus dados pessoais, por exemplo, no caso de marketing direto.<\/li>\n<li>Direito de se opor ao Processamento automatizado &#8211; direito de se opor ao Processamento automatizado, incluindo a cria\u00e7\u00e3o de perfil; e n\u00e3o estar sujeito a uma decis\u00e3o baseada apenas no Processamento automatizado. Este direito pode ser exercido sempre que houver uma cria\u00e7\u00e3o de perfil que produza efeitos legais ou que o possam afetar significativamente.<\/li>\n<li>Direito \u00e0 portabilidade de dados &#8211; direito de obter os seus Dados Pessoais num formato leg\u00edvel por m\u00e1quina ou, se for vi\u00e1vel, como uma transfer\u00eancia direta de um Processador para outro.<\/li>\n<li>Direito de apresentar uma queixa &#8211; no caso de recusarmos o seu pedido dentro dos Direitos de Acesso, forneceremos um motivo pelo qual foi recusado. Se voc\u00ea n\u00e3o estiver satisfeito com a forma como seu pedido foi tratado, entre em contato connosco.<\/li>\n<li>Direito de ajuda da autoridade supervisora &#8211; direito \u00e0 ajuda de uma autoridade supervisora e o direito a uso de outros recursos legais, como a reivindica\u00e7\u00e3o de danos.<\/li>\n<li>Direito de retirar o consentimento &#8211; direito de retirar qualquer consentimento para o processamento dos seus dados pessoais.<\/li>\n<\/ol>\n<h3 id=\"gdpr-information\">Dados que recolhemos<\/h3>\n<p><strong>Informa\u00e7\u00f5es que voc\u00ea nos forneceu<\/strong><br \/>\nEndere\u00e7o de e-mail e nome.<\/p>\n<p><strong>Informa\u00e7\u00f5es recolhidas automaticamente sobre si<\/strong><br \/>\nNenhuma<\/p>\n<p><strong>Informa\u00e7\u00e3o fornecidas pelos nossos parceiros<\/strong><br \/>\nNenhuma<\/p>\n<p><strong>Informa\u00e7\u00e3o publicamente dispon\u00edvel<\/strong><br \/>\nPodemos recolher informa\u00e7\u00f5es sobre si que est\u00e3o dispon\u00edveis publicamente.<\/p>\n<h3 id=\"gdpr-processing\">Como utilizamos os seus Dados Pessoais<\/h3>\n<p>Utilizamos os seus Dados Pessoais para:<\/p>\n<ul>\n<li>Inform\u00e1-lo sobre os nossos servi\u00e7os e atividades. Isso inclui, por exemplo,\u00a0 comunicar consigo em rela\u00e7\u00e3o aos nossos servi\u00e7os e atividades e notific\u00e1-lo de altera\u00e7\u00f5es em quaisquer servi\u00e7os.<\/li>\n<\/ul>\n<p>Com o seu consentimento, processamos seus dados pessoais para as seguintes finalidades:<\/p>\n<ul>\n<li>Enviar boletins informativos (newsletter) acerca dos nossos servi\u00e7os educativos, assim como atividades n\u00e3o letivas ou outras de interesse art\u00edstico e pedag\u00f3gico.<\/li>\n<\/ul>\n<p>Processamos os seus dados pessoais para cumprir obriga\u00e7\u00f5es decorrentes da lei e\/ou usar os seus dados pessoais para op\u00e7\u00f5es previstas por lei. Reservamo-nos o direito de anonimizar os Dados Pessoais recolhidos e usar esses dados. Usaremos dados fora do escopo desta Pol\u00edtica somente quando forem anonimizados. Guardamos informa\u00e7\u00f5es recolhidas sobre si para os fins aqui definidos.<\/p>\n<p>Podemos processar seus Dados Pessoais para prop\u00f3sitos adicionais que n\u00e3o s\u00e3o mencionados aqui, mas s\u00e3o compat\u00edveis com a finalidade original para a qual os dados foram coletados. Para fazer isso, garantiremos que:<\/p>\n<ul>\n<li>a liga\u00e7\u00e3o entre prop\u00f3sitos, contexto e natureza dos Dados Pessoais \u00e9 adequada para o Processamento adicional;<\/li>\n<li>o Processamento adicional n\u00e3o prejudicar\u00e1 os seus interesses e<\/li>\n<li>h\u00e1 salvaguarda apropriada para o processamento.<\/li>\n<\/ul>\n<p>Iremos inform\u00e1-lo de qualquer outro processamento e finalidades.<\/p>\n<h3 id=\"gdpr-sharing\">Quem mais tem acesso aos seus Dados Pessoais<\/h3>\n<p>N\u00f3s n\u00e3o compartilhamos os seus dados pessoais com terceiros.<\/p>\n<h3 id=\"gdpr-security\">Como guardamos os seus dados<\/h3>\n<p>Fazemos o melhor poss\u00edvel para manter seus dados pessoais seguros. Usamos protocolos seguros para comunica\u00e7\u00e3o e transfer\u00eancia de dados (como HTTPS). Usamos anonimiza\u00e7\u00e3o e pseudonimiza\u00e7\u00e3o quando adequado. Monitorizamos os nossos sistemas quanto a poss\u00edveis vulnerabilidades e ataques.<\/p>\n<p>Apesar de tentarmos o nosso melhor, n\u00e3o podemos garantir a seguran\u00e7a das informa\u00e7\u00f5es. No entanto, prometemos notificar as autoridades competentes sobre viola\u00e7\u00f5es de dados. Tamb\u00e9m o notificaremos se houver uma amea\u00e7a aos seus direitos ou interesses. Faremos tudo o que for razoavelmente poss\u00edvel para evitar viola\u00e7\u00f5es de seguran\u00e7a e ajudar as autoridades caso ocorra qualquer viola\u00e7\u00e3o.<\/p>\n<p>Se voc\u00ea tiver uma conta connosco, observe que precisa de manter o seu nome de usu\u00e1rio e a sua senha em segredo.<\/p>\n<h3>Crian\u00e7as<\/h3>\n<p>N\u00e3o pretendemos recolher ou conhecer intencionalmente informa\u00e7\u00f5es de crian\u00e7as.<\/p>\n<h3 id=\"gdpr-cookies\">Cookies e outras tecnologias que utilizamos<\/h3>\n<p>Poderemos utilizar cookies e\/ou tecnologias similares para analisar o comportamento do usu\u00e1rio, administrar o site, rastrear os movimentos dos usu\u00e1rios e recolher informa\u00e7\u00f5es sobre os usu\u00e1rios. Isso \u00e9 feito para personalizar e aprimorar a sua experi\u00eancia connosco.<\/p>\n<p>Um cookie \u00e9 um pequeno arquivo de texto armazenado em seu computador. Os cookies armazenam informa\u00e7\u00f5es que s\u00e3o usadas para ajudar a fazer com que os sites funcionem. S\u00f3 n\u00f3s poderemos acessar os cookies criados pelo nosso site. Voc\u00ea pode controlar seus cookies no\u00a0n\u00edvel do navegador. A escolha de desativar os cookies pode impedir o uso de determinadas fun\u00e7\u00f5es.<\/p>\n<p><strong>Poderemos utilizar cookies para os seguintes fins:<\/strong><\/p>\n<ul>\n<li>Cookies necess\u00e1rios &#8211; estes cookies s\u00e3o necess\u00e1rios para que voc\u00ea possa usar alguns recursos importantes no nosso site, como o login. Estes cookies n\u00e3o recolhem nenhuma informa\u00e7\u00e3o pessoal.<\/li>\n<li>Cookies de funcionalidade &#8211; estes cookies fornecem funcionalidade que torna o uso de nosso servi\u00e7o mais conveniente e possibilita o fornecimento de recursos mais personalizados. Por exemplo, eles podem lembrar o seu nome e e-mail em formul\u00e1rios de coment\u00e1rios para que voc\u00ea n\u00e3o tenha que inserir novamente essas informa\u00e7\u00f5es na pr\u00f3xima vez que comentar.<\/li>\n<li>Cookies anal\u00edticos &#8211; estes cookies s\u00e3o usados para rastrear o uso e o desempenho do nosso site e servi\u00e7os.<\/li>\n<li>Cookies de publicidade &#8211; estes cookies s\u00e3o usados para fornecer an\u00fancios relevantes para si e para seus os interesses. Al\u00e9m disso, eles s\u00e3o usados para limitar o n\u00famero de vezes que voc\u00ea v\u00ea um an\u00fancio. Eles geralmente s\u00e3o colocados no website por redes de publicidade com a permiss\u00e3o do operador do site. Estes cookies registam que voc\u00ea visitou um site e essas informa\u00e7\u00f5es s\u00e3o compartilhadas com outras organiza\u00e7\u00f5es, como anunciantes. Muitas vezes, os cookies de segmenta\u00e7\u00e3o ou de publicidade ser\u00e3o vinculados \u00e0 funcionalidade do site fornecida pela outra organiza\u00e7\u00e3o.<\/li>\n<\/ul>\n<p>Voc\u00ea pode remover cookies armazenados no seu computador atrav\u00e9s das configura\u00e7\u00f5es do seu navegador. Como alternativa, pode controlar alguns cookies de terceiros usando uma plataforma de aprimoramento de privacidade, como optout.aboutads.info ou youronlinechoices.com. Para mais informa\u00e7\u00f5es sobre cookies, visite allaboutcookies.org.<\/p>\n<p>Poderemos usar o Google Analytics para medir o tr\u00e1fego em nosso site. O Google tem sua pr\u00f3pria Pol\u00edtica de Privacidade, que voc\u00ea pode analisar\u00a0<a href=\"https:\/\/support.google.com\/analytics\/answer\/6004245\" target=\"_blank\" rel=\"noopener\">aqui<\/a>. Se voc\u00ea deseja desativar o acompanhamento pelo Google Analytics, visite a p\u00e1gina de desativa\u00e7\u00e3o do Google Analytics.\u00a0<a href=\"https:\/\/tools.google.com\/dlpage\/gaoptout\" target=\"_blank\" rel=\"noopener\">Analytics opt-out page<\/a>.<\/p>\n<h3 id=\"gdpr-contact\">Informa\u00e7\u00f5es de contato<\/h3>\n<p><strong>Autoridade Supervisora<\/strong><\/p>\n<p>Comiss\u00e3o Nacional de Prote\u00e7\u00e3o de Dados<\/p>\n<p><a href=\"https:\/\/www.cnpd.pt\/\">https:\/\/www.cnpd.pt\/<\/a><\/p>\n<p><a href=\"mailto:geral@cnpd.pt\">geral@cnpd.pt<\/a><\/p>\n<p><strong>Supervis\u00e3o Interna<\/strong><\/p>\n<p>Poder\u00e1 usar quaisquer dos seus direitos de prote\u00e7\u00e3o de dados entrando em contacto connosco para Respons\u00e1vel da Prote\u00e7\u00e3o de Dados &#8211; Conservat\u00f3rio de M\u00fasica da Bairrada &#8211; Rua Jaime Pato, n.\u00ba 8 &#8211; 3770-410 Troviscal &#8211;\u00a0<a href=\"mailto:dpo@escolartes.com\">dpo@escolartes.com.<\/a><\/p>\n<h3 id=\"gdpr-changes\">Altera\u00e7\u00f5es a esta pol\u00edtica de privacidade<\/h3>\n<p>Reservamos o direito de fazer altera\u00e7\u00f5es a esta Pol\u00edtica de Privacidade.<\/p>\n<p>\u00daltima modifica\u00e7\u00e3o feita em 22\/05\/2018.<\/p>\n","protected":false},"excerpt":{"rendered":"<p>Pol\u00edtica de Privacidade O Conservat\u00f3rio de M\u00fasica da Bairrada est\u00e1 comprometido em\u00a0 salvaguardar a sua privacidade. Contacte-nos se tiver alguma quest\u00e3o ou [&hellip;]<\/p>\n","protected":false},"author":2,"featured_media":0,"parent":0,"menu_order":0,"comment_status":"closed","ping_status":"closed","template":"","meta":{"footnotes":""},"class_list":["post-2953","page","type-page","status-publish","hentry"],"_links":{"self":[{"href":"https:\/\/escolartes.com\/wp\/wp-json\/wp\/v2\/pages\/2953","targetHints":{"allow":["GET"]}}],"collection":[{"href":"https:\/\/escolartes.com\/wp\/wp-json\/wp\/v2\/pages"}],"about":[{"href":"https:\/\/escolartes.com\/wp\/wp-json\/wp\/v2\/types\/page"}],"author":[{"embeddable":true,"href":"https:\/\/escolartes.com\/wp\/wp-json\/wp\/v2\/users\/2"}],"replies":[{"embeddable":true,"href":"https:\/\/escolartes.com\/wp\/wp-json\/wp\/v2\/comments?post=2953"}],"version-history":[{"count":6,"href":"https:\/\/escolartes.com\/wp\/wp-json\/wp\/v2\/pages\/2953\/revisions"}],"predecessor-version":[{"id":2993,"href":"https:\/\/escolartes.com\/wp\/wp-json\/wp\/v2\/pages\/2953\/revisions\/2993"}],"wp:attachment":[{"href":"https:\/\/escolartes.com\/wp\/wp-json\/wp\/v2\/media?parent=2953"}],"curies":[{"name":"wp","href":"https:\/\/api.w.org\/{rel}","templated":true}]}}